{"id":40,"date":"2024-03-19T17:04:44","date_gmt":"2024-03-19T17:04:44","guid":{"rendered":"https:\/\/nullahouse.com\/?page_id=40"},"modified":"2024-03-19T17:09:23","modified_gmt":"2024-03-19T17:09:23","slug":"apie-mus","status":"publish","type":"page","link":"https:\/\/nullahouse.com\/index.php\/apie-mus\/","title":{"rendered":"Apie mus"},"content":{"rendered":"\n<p>M\u016bs\u0173 interjero studija yra sudaryta i\u0161 jaun\u0173 student\u0173, kurie dalijasi aistra ir talentu dizaino srityje. Mes siekiame sukurti harmoningus ir funkcionalius interjerus, atspindin\u010dius m\u016bs\u0173 klient\u0173 asmenyb\u0119 bei poreikius.<\/p>\n\n\n\n<p>M\u016bs\u0173 komanda yra motyvuota ir nuolat siekia i\u0161siskirti naujomis id\u0117jomis bei inovatyviais sprendimais. Mes stengiam\u0117s i\u0161gryninti visas detales ir subalansuoti spalvas bei tekst\u016bras norint sukurti esteti\u0161kai patrauklius ir patogius interjerus.<\/p>\n\n\n\n<p>Esame \u012fsitikin\u0119, kad m\u016bs\u0173 jaunatvi\u0161kas po\u017ei\u016bris ir k\u016brybi\u0161kumas leis mums i\u0161siskirti \u0161ioje konkurencingoje srityje. M\u016bs\u0173 tikslas yra ne tik patenkinti klientus, bet ir pranokti j\u0173 l\u016bkes\u010dius.<\/p>\n","protected":false},"excerpt":{"rendered":"<p>M\u016bs\u0173 interjero studija yra sudaryta i\u0161 jaun\u0173 student\u0173, kurie dalijasi aistra ir talentu dizaino srityje. Mes siekiame sukurti harmoningus ir [&hellip;]<\/p>\n","protected":false},"author":1,"featured_media":0,"parent":0,"menu_order":0,"comment_status":"closed","ping_status":"closed","template":"","meta":{"_uag_custom_page_level_css":"","site-sidebar-layout":"default","site-content-layout":"","ast-site-content-layout":"default","site-content-style":"default","site-sidebar-style":"default","ast-global-header-display":"","ast-banner-title-visibility":"","ast-main-header-display":"","ast-hfb-above-header-display":"","ast-hfb-below-header-display":"","ast-hfb-mobile-header-display":"","site-post-title":"","ast-breadcrumbs-content":"","ast-featured-img":"","footer-sml-layout":"","ast-disable-related-posts":"","theme-transparent-header-meta":"","adv-header-id-meta":"","stick-header-meta":"","header-above-stick-meta":"","header-main-stick-meta":"","header-below-stick-meta":"","astra-migrate-meta-layouts":"default","ast-page-background-enabled":"default","ast-page-background-meta":{"desktop":{"background-color":"var(--ast-global-color-4)","background-image":"","background-repeat":"repeat","background-position":"center center","background-size":"auto","background-attachment":"scroll","background-type":"","background-media":"","overlay-type":"","overlay-color":"","overlay-opacity":"","overlay-gradient":""},"tablet":{"background-color":"","background-image":"","background-repeat":"repeat","background-position":"center center","background-size":"auto","background-attachment":"scroll","background-type":"","background-media":"","overlay-type":"","overlay-color":"","overlay-opacity":"","overlay-gradient":""},"mobile":{"background-color":"","background-image":"","background-repeat":"repeat","background-position":"center center","background-size":"auto","background-attachment":"scroll","background-type":"","background-media":"","overlay-type":"","overlay-color":"","overlay-opacity":"","overlay-gradient":""}},"ast-content-background-meta":{"desktop":{"background-color":"var(--ast-global-color-5)","background-image":"","background-repeat":"repeat","background-position":"center center","background-size":"auto","background-attachment":"scroll","background-type":"","background-media":"","overlay-type":"","overlay-color":"","overlay-opacity":"","overlay-gradient":""},"tablet":{"background-color":"var(--ast-global-color-5)","background-image":"","background-repeat":"repeat","background-position":"center center","background-size":"auto","background-attachment":"scroll","background-type":"","background-media":"","overlay-type":"","overlay-color":"","overlay-opacity":"","overlay-gradient":""},"mobile":{"background-color":"var(--ast-global-color-5)","background-image":"","background-repeat":"repeat","background-position":"center center","background-size":"auto","background-attachment":"scroll","background-type":"","background-media":"","overlay-type":"","overlay-color":"","overlay-opacity":"","overlay-gradient":""}},"footnotes":""},"aioseo_notices":[],"uagb_featured_image_src":{"full":false,"thumbnail":false,"medium":false,"medium_large":false,"large":false,"1536x1536":false,"2048x2048":false},"uagb_author_info":{"display_name":"nullahouse.com","author_link":"https:\/\/nullahouse.com\/index.php\/author\/nullahouse-com\/"},"uagb_comment_info":0,"uagb_excerpt":"M\u016bs\u0173 interjero studija yra sudaryta i\u0161 jaun\u0173 student\u0173, kurie dalijasi aistra ir talentu dizaino srityje. Mes siekiame sukurti harmoningus ir [&hellip;]","_links":{"self":[{"href":"https:\/\/nullahouse.com\/index.php\/wp-json\/wp\/v2\/pages\/40"}],"collection":[{"href":"https:\/\/nullahouse.com\/index.php\/wp-json\/wp\/v2\/pages"}],"about":[{"href":"https:\/\/nullahouse.com\/index.php\/wp-json\/wp\/v2\/types\/page"}],"author":[{"embeddable":true,"href":"https:\/\/nullahouse.com\/index.php\/wp-json\/wp\/v2\/users\/1"}],"replies":[{"embeddable":true,"href":"https:\/\/nullahouse.com\/index.php\/wp-json\/wp\/v2\/comments?post=40"}],"version-history":[{"count":2,"href":"https:\/\/nullahouse.com\/index.php\/wp-json\/wp\/v2\/pages\/40\/revisions"}],"predecessor-version":[{"id":62,"href":"https:\/\/nullahouse.com\/index.php\/wp-json\/wp\/v2\/pages\/40\/revisions\/62"}],"wp:attachment":[{"href":"https:\/\/nullahouse.com\/index.php\/wp-json\/wp\/v2\/media?parent=40"}],"curies":[{"name":"wp","href":"https:\/\/api.w.org\/{rel}","templated":true}]}}